{"id":19783,"date":"2026-04-20T03:10:48","date_gmt":"2026-04-20T00:10:48","guid":{"rendered":"https:\/\/kasskoer.ee\/product\/flamingo-jouluteemaline-manguasi-kassidele-10cm-assortii\/"},"modified":"2026-04-20T03:10:50","modified_gmt":"2026-04-20T00:10:50","slug":"flamingo-jouluteemaline-manguasi-kassidele-10cm-assortii","status":"publish","type":"product","link":"https:\/\/kasskoer.ee\/en\/toode\/flamingo-jouluteemaline-manguasi-kassidele-10cm-assortii\/","title":{"rendered":"Flamingo j\u00f5uluteemaline m\u00e4nguasi kassidele 10cm (assortii)"},"content":{"rendered":"<p><b>Flamingo j\u00f5uluteemaline hiirekujuline m\u00e4nguasi kassidele.<\/b>&#13;<\/p>\n<li>Valmistatud pehmest pl\u00fc\u00fcsist ning sisaldab naisten\u00f5gest, mis pakub kassile veelgi rohkem m\u00e4ngur\u00f5\u00f5mu.<\/li>\n<p>&#13;<\/p>\n<li>M\u00e4nguasi aitab rahuldada kassi loomulikku jahiinstinkti ja pakub tundideks p\u00f5nevat tegevust.<\/li>\n<p>&#13;<\/p>\n<li>Sobib h\u00e4sti igas vanuses kassidele.<\/li>\n<p>&#13;<\/p>\n<li>NB! Toode on m\u00fc\u00fcgil assortiina \u2013 v\u00e4rvid v\u00f5ivad erineda ja saadetakse juhuslikult.<\/li>\n","protected":false},"excerpt":{"rendered":"<p>Pehme j\u00f5uluteemaline hiirekujuline m\u00e4nguasi kassidele.<\/p>\n","protected":false},"featured_media":19784,"template":"","meta":[],"product_cat":[1321],"product_tag":[],"class_list":{"0":"post-19783","1":"product","2":"type-product","3":"status-publish","4":"has-post-thumbnail","6":"product_cat-kasside-manguasjad","7":"pa_brand-flamingo","8":"pa_ean-3713","9":"pa_kaal-0-030","10":"pa_tootjariik-hiina","12":"first","13":"instock","14":"taxable","15":"shipping-taxable","16":"purchasable","17":"product-type-simple"},"_links":{"self":[{"href":"https:\/\/kasskoer.ee\/en\/wp-json\/wp\/v2\/product\/19783","targetHints":{"allow":["GET"]}}],"collection":[{"href":"https:\/\/kasskoer.ee\/en\/wp-json\/wp\/v2\/product"}],"about":[{"href":"https:\/\/kasskoer.ee\/en\/wp-json\/wp\/v2\/types\/product"}],"wp:featuredmedia":[{"embeddable":true,"href":"https:\/\/kasskoer.ee\/en\/wp-json\/wp\/v2\/media\/19784"}],"wp:attachment":[{"href":"https:\/\/kasskoer.ee\/en\/wp-json\/wp\/v2\/media?parent=19783"}],"wp:term":[{"taxonomy":"product_cat","embeddable":true,"href":"https:\/\/kasskoer.ee\/en\/wp-json\/wp\/v2\/product_cat?post=19783"},{"taxonomy":"product_tag","embeddable":true,"href":"https:\/\/kasskoer.ee\/en\/wp-json\/wp\/v2\/product_tag?post=19783"}],"curies":[{"name":"wp","href":"https:\/\/api.w.org\/{rel}","templated":true}]}}