{"id":19788,"date":"2026-04-20T03:10:48","date_gmt":"2026-04-20T00:10:48","guid":{"rendered":"https:\/\/kasskoer.ee\/product\/flamingo-krabisevad-jouluhiired-kassidele-2tk\/"},"modified":"2026-04-20T03:10:50","modified_gmt":"2026-04-20T00:10:50","slug":"flamingo-krabisevad-jouluhiired-kassidele-2tk","status":"publish","type":"product","link":"https:\/\/kasskoer.ee\/en\/toode\/flamingo-krabisevad-jouluhiired-kassidele-2tk\/","title":{"rendered":"Flamingo krabisevad j\u00f5uluhiired kassidele 2tk"},"content":{"rendered":"<p><b>Flamingo j\u00f5uluteemaline hiirekujuline m\u00e4nguasi kassidele.<\/b>&#13;<\/p>\n<li>Krabisev heli ergutab kassi jahiinstinkti ja pakub talle p\u00f5nevat tegevust.<\/li>\n<p>&#13;<\/p>\n<li>Sisaldab naisten\u00f5gest, mis muudab m\u00e4ngimise kassile veelgi atraktiivsemaks.<\/li>\n<p>&#13;<\/p>\n<li>Sobib h\u00e4sti igas vanuses kassidele ning pakub tundideks m\u00e4ngur\u00f5\u00f5mu.<\/li>\n<p>&#13;<\/p>\n<li>Pakend sisaldab 2 erinevat v\u00e4rvi m\u00e4nguasja.<\/li>\n","protected":false},"excerpt":{"rendered":"<p>J\u00f5uluteemaline hiirekujuline m\u00e4nguasi kassidele.<\/p>\n","protected":false},"featured_media":19789,"template":"","meta":[],"product_cat":[1321],"product_tag":[],"class_list":{"0":"post-19788","1":"product","2":"type-product","3":"status-publish","4":"has-post-thumbnail","6":"product_cat-kasside-manguasjad","7":"pa_brand-flamingo","8":"pa_ean-3714","9":"pa_kaal-0-020","10":"pa_tootjariik-hiina","12":"first","13":"instock","14":"taxable","15":"shipping-taxable","16":"purchasable","17":"product-type-simple"},"_links":{"self":[{"href":"https:\/\/kasskoer.ee\/en\/wp-json\/wp\/v2\/product\/19788","targetHints":{"allow":["GET"]}}],"collection":[{"href":"https:\/\/kasskoer.ee\/en\/wp-json\/wp\/v2\/product"}],"about":[{"href":"https:\/\/kasskoer.ee\/en\/wp-json\/wp\/v2\/types\/product"}],"wp:featuredmedia":[{"embeddable":true,"href":"https:\/\/kasskoer.ee\/en\/wp-json\/wp\/v2\/media\/19789"}],"wp:attachment":[{"href":"https:\/\/kasskoer.ee\/en\/wp-json\/wp\/v2\/media?parent=19788"}],"wp:term":[{"taxonomy":"product_cat","embeddable":true,"href":"https:\/\/kasskoer.ee\/en\/wp-json\/wp\/v2\/product_cat?post=19788"},{"taxonomy":"product_tag","embeddable":true,"href":"https:\/\/kasskoer.ee\/en\/wp-json\/wp\/v2\/product_tag?post=19788"}],"curies":[{"name":"wp","href":"https:\/\/api.w.org\/{rel}","templated":true}]}}