{"id":19791,"date":"2026-04-20T03:05:02","date_gmt":"2026-04-20T00:05:02","guid":{"rendered":"https:\/\/kasskoer.ee\/product\/flamingo-vahtkummist-spordipallid-kassile-4tk\/"},"modified":"2026-04-20T03:05:04","modified_gmt":"2026-04-20T00:05:04","slug":"flamingo-vahtkummist-spordipallid-kassile-4tk","status":"publish","type":"product","link":"https:\/\/kasskoer.ee\/en\/toode\/flamingo-vahtkummist-spordipallid-kassile-4tk\/","title":{"rendered":"Flamingo vahtkummist spordipallid kassile 4tk"},"content":{"rendered":"<p><b>Flamingo spordipallide kujulised vahtkummist m\u00e4ngupallid kassidele.<\/b>&#13;<\/p>\n<li>Pallid p\u00f5rkavad eri suundades, pakkudes kassile p\u00f5nevat ja ettearvamatut m\u00e4ngu.<\/li>\n<p>&#13;<\/p>\n<li>Sobivad suurep\u00e4raselt aktiivseks m\u00e4ngimiseks ning pakuvad kassile tundideks l\u00f5busat tegevust.<\/li>\n<p>&#13;<\/p>\n<li>Pakis on 4 palli: jalgpall, korvpall, pesapall ja golfipall.<\/li>\n","protected":false},"excerpt":{"rendered":"<p>Spordipallide kujulised vahtkummist m\u00e4ngupallid kassidele.<\/p>\n","protected":false},"featured_media":19792,"template":"","meta":[],"product_cat":[1321],"product_tag":[],"class_list":{"0":"post-19791","1":"product","2":"type-product","3":"status-publish","4":"has-post-thumbnail","6":"product_cat-kasside-manguasjad","7":"pa_brand-flamingo","8":"pa_ean-3715","9":"pa_kaal-0-040","10":"pa_tootjariik-hiina","12":"first","13":"outofstock","14":"taxable","15":"shipping-taxable","16":"purchasable","17":"product-type-simple"},"_links":{"self":[{"href":"https:\/\/kasskoer.ee\/en\/wp-json\/wp\/v2\/product\/19791","targetHints":{"allow":["GET"]}}],"collection":[{"href":"https:\/\/kasskoer.ee\/en\/wp-json\/wp\/v2\/product"}],"about":[{"href":"https:\/\/kasskoer.ee\/en\/wp-json\/wp\/v2\/types\/product"}],"wp:featuredmedia":[{"embeddable":true,"href":"https:\/\/kasskoer.ee\/en\/wp-json\/wp\/v2\/media\/19792"}],"wp:attachment":[{"href":"https:\/\/kasskoer.ee\/en\/wp-json\/wp\/v2\/media?parent=19791"}],"wp:term":[{"taxonomy":"product_cat","embeddable":true,"href":"https:\/\/kasskoer.ee\/en\/wp-json\/wp\/v2\/product_cat?post=19791"},{"taxonomy":"product_tag","embeddable":true,"href":"https:\/\/kasskoer.ee\/en\/wp-json\/wp\/v2\/product_tag?post=19791"}],"curies":[{"name":"wp","href":"https:\/\/api.w.org\/{rel}","templated":true}]}}