{"id":19794,"date":"2026-04-20T03:05:02","date_gmt":"2026-04-20T00:05:02","guid":{"rendered":"https:\/\/kasskoer.ee\/product\/flamingo-yutsa-hiirekujuline-kassimanguasi-18cm\/"},"modified":"2026-04-20T03:05:04","modified_gmt":"2026-04-20T00:05:04","slug":"flamingo-yutsa-hiirekujuline-kassimanguasi-18cm","status":"publish","type":"product","link":"https:\/\/kasskoer.ee\/en\/toode\/flamingo-yutsa-hiirekujuline-kassimanguasi-18cm\/","title":{"rendered":"Flamingo Yutsa hiirekujuline kassim\u00e4nguasi 18cm"},"content":{"rendered":"<p><b>Flamingo k\u00f5risev hiirekujuline m\u00e4nguasi kassidele.<\/b>&#13;<\/p>\n<li>Valmistatud matatabi-puidust ja d\u017euudist k\u00f6iest.<\/li>\n<p>&#13;<\/p>\n<li>M\u00e4nguasi teeb k\u00f5risevat heli, mis p\u00fc\u00fcab kassi t\u00e4helepanu, ning on varustatud lintide ja sulgedega, et pakkuda kassile veelgi rohkem m\u00e4ngur\u00f5\u00f5mu.<\/li>\n","protected":false},"excerpt":{"rendered":"<p>K\u00f5risev hiirekujuline m\u00e4nguasi kassidele.<\/p>\n","protected":false},"featured_media":19795,"template":"","meta":[],"product_cat":[1321],"product_tag":[],"class_list":{"0":"post-19794","1":"product","2":"type-product","3":"status-publish","4":"has-post-thumbnail","6":"product_cat-kasside-manguasjad","7":"pa_brand-flamingo","8":"pa_ean-3716","9":"pa_kaal-0-040","10":"pa_tootjariik-hiina","12":"first","13":"instock","14":"taxable","15":"shipping-taxable","16":"purchasable","17":"product-type-simple"},"_links":{"self":[{"href":"https:\/\/kasskoer.ee\/en\/wp-json\/wp\/v2\/product\/19794","targetHints":{"allow":["GET"]}}],"collection":[{"href":"https:\/\/kasskoer.ee\/en\/wp-json\/wp\/v2\/product"}],"about":[{"href":"https:\/\/kasskoer.ee\/en\/wp-json\/wp\/v2\/types\/product"}],"wp:featuredmedia":[{"embeddable":true,"href":"https:\/\/kasskoer.ee\/en\/wp-json\/wp\/v2\/media\/19795"}],"wp:attachment":[{"href":"https:\/\/kasskoer.ee\/en\/wp-json\/wp\/v2\/media?parent=19794"}],"wp:term":[{"taxonomy":"product_cat","embeddable":true,"href":"https:\/\/kasskoer.ee\/en\/wp-json\/wp\/v2\/product_cat?post=19794"},{"taxonomy":"product_tag","embeddable":true,"href":"https:\/\/kasskoer.ee\/en\/wp-json\/wp\/v2\/product_tag?post=19794"}],"curies":[{"name":"wp","href":"https:\/\/api.w.org\/{rel}","templated":true}]}}