{"id":19798,"date":"2026-04-20T03:05:02","date_gmt":"2026-04-20T00:05:02","guid":{"rendered":"https:\/\/kasskoer.ee\/product\/flamingo-rizzo-kassimanguasi-naistenogesega-12cm-assortii\/"},"modified":"2026-04-20T03:05:04","modified_gmt":"2026-04-20T00:05:04","slug":"flamingo-rizzo-kassimanguasi-naistenogesega-12cm-assortii","status":"publish","type":"product","link":"https:\/\/kasskoer.ee\/en\/toode\/flamingo-rizzo-kassimanguasi-naistenogesega-12cm-assortii\/","title":{"rendered":"Flamingo Rizzo kassim\u00e4nguasi naisten\u00f5gesega 12cm (assortii)"},"content":{"rendered":"<p><b>Flamingo pehme ja krabisev naisten\u00f5gesega kassim\u00e4nguasi.<\/b>&#13;<\/p>\n<li>Valmistatud pehmest tekstiilist.<\/li>\n<p>&#13;<\/p>\n<li>Sisaldab naisten\u00f5gest, mis pakub kassile veelgi rohkem m\u00e4ngur\u00f5\u00f5mu.<\/li>\n<p>&#13;<\/p>\n<li>NB! Toode on m\u00fc\u00fcgil assortiina \u2013 v\u00e4rvid v\u00f5ivad erineda ja saadetakse juhuslikult.<\/li>\n","protected":false},"excerpt":{"rendered":"<p>Naisten\u00f5gesega m\u00e4nguasi kassidele &#8220;Kass&#8221;.<\/p>\n","protected":false},"featured_media":19845,"template":"","meta":[],"product_cat":[1321],"product_tag":[],"class_list":{"0":"post-19798","1":"product","2":"type-product","3":"status-publish","4":"has-post-thumbnail","6":"product_cat-kasside-manguasjad","7":"pa_brand-flamingo","8":"pa_ean-3717","9":"pa_kaal-0-260","10":"pa_tootjariik-hiina","12":"first","13":"instock","14":"taxable","15":"shipping-taxable","16":"purchasable","17":"product-type-simple"},"_links":{"self":[{"href":"https:\/\/kasskoer.ee\/en\/wp-json\/wp\/v2\/product\/19798","targetHints":{"allow":["GET"]}}],"collection":[{"href":"https:\/\/kasskoer.ee\/en\/wp-json\/wp\/v2\/product"}],"about":[{"href":"https:\/\/kasskoer.ee\/en\/wp-json\/wp\/v2\/types\/product"}],"wp:featuredmedia":[{"embeddable":true,"href":"https:\/\/kasskoer.ee\/en\/wp-json\/wp\/v2\/media\/19845"}],"wp:attachment":[{"href":"https:\/\/kasskoer.ee\/en\/wp-json\/wp\/v2\/media?parent=19798"}],"wp:term":[{"taxonomy":"product_cat","embeddable":true,"href":"https:\/\/kasskoer.ee\/en\/wp-json\/wp\/v2\/product_cat?post=19798"},{"taxonomy":"product_tag","embeddable":true,"href":"https:\/\/kasskoer.ee\/en\/wp-json\/wp\/v2\/product_tag?post=19798"}],"curies":[{"name":"wp","href":"https:\/\/api.w.org\/{rel}","templated":true}]}}