{"id":19799,"date":"2026-04-20T03:05:02","date_gmt":"2026-04-20T00:05:02","guid":{"rendered":"https:\/\/kasskoer.ee\/product\/flamingo-java-tombelelu-koertele-33x14cm\/"},"modified":"2026-04-20T03:05:04","modified_gmt":"2026-04-20T00:05:04","slug":"flamingo-java-tombelelu-koertele-33x14cm","status":"publish","type":"product","link":"https:\/\/kasskoer.ee\/en\/toode\/flamingo-java-tombelelu-koertele-33x14cm\/","title":{"rendered":"Flamingo Java t\u00f5mbelelu koertele 33x14cm"},"content":{"rendered":"<p><b>Flamingo naturaalne ja vastupidav t\u00f5mbelelu koertele.<\/b>&#13;<\/p>\n<li>Valmistatud vastupidavast kohvipuu puidust ja puuvillasest k\u00f6iest.<\/li>\n<p>&#13;<\/p>\n<li>100% naturaalne toode, mis sobib suurep\u00e4raselt tugevatele n\u00e4rijatele.<\/li>\n<p>&#13;<\/p>\n<li>Puit puhastab koera hambaid loomulikul viisil ning lahtised kiud on kergesti seeditavad.<\/li>\n<p>&#13;<\/p>\n<li>Varustatud k\u00e4epidemega, mis julgustab koera aktiivselt m\u00e4ngima.<\/li>\n<p>&#13;<\/p>\n<li>Enne kasutamist v\u00f5ib puidu l\u00fchikeseks ajaks vette kasta, et v\u00e4hendada killustumist tugeva n\u00e4rimise korral.<\/li>\n","protected":false},"excerpt":{"rendered":"<p>100% naturaalne t\u00f5mbelelu koertele.<\/p>\n","protected":false},"featured_media":19800,"template":"","meta":[],"product_cat":[1326,688],"product_tag":[],"class_list":{"0":"post-19799","1":"product","2":"type-product","3":"status-publish","4":"has-post-thumbnail","6":"product_cat-koerte-manguasjad","7":"product_cat-koerad","8":"pa_brand-flamingo","9":"pa_ean-3718","10":"pa_kaal-0-140","11":"pa_tootjariik-hiina","13":"first","14":"instock","15":"taxable","16":"shipping-taxable","17":"purchasable","18":"product-type-simple"},"_links":{"self":[{"href":"https:\/\/kasskoer.ee\/en\/wp-json\/wp\/v2\/product\/19799","targetHints":{"allow":["GET"]}}],"collection":[{"href":"https:\/\/kasskoer.ee\/en\/wp-json\/wp\/v2\/product"}],"about":[{"href":"https:\/\/kasskoer.ee\/en\/wp-json\/wp\/v2\/types\/product"}],"wp:featuredmedia":[{"embeddable":true,"href":"https:\/\/kasskoer.ee\/en\/wp-json\/wp\/v2\/media\/19800"}],"wp:attachment":[{"href":"https:\/\/kasskoer.ee\/en\/wp-json\/wp\/v2\/media?parent=19799"}],"wp:term":[{"taxonomy":"product_cat","embeddable":true,"href":"https:\/\/kasskoer.ee\/en\/wp-json\/wp\/v2\/product_cat?post=19799"},{"taxonomy":"product_tag","embeddable":true,"href":"https:\/\/kasskoer.ee\/en\/wp-json\/wp\/v2\/product_tag?post=19799"}],"curies":[{"name":"wp","href":"https:\/\/api.w.org\/{rel}","templated":true}]}}