{"id":19803,"date":"2026-04-20T03:05:02","date_gmt":"2026-04-20T00:05:02","guid":{"rendered":"https:\/\/kasskoer.ee\/product\/flamingo-lago-mustvalged-traksid-koerale-m-45-70cm\/"},"modified":"2026-04-20T03:05:04","modified_gmt":"2026-04-20T00:05:04","slug":"flamingo-lago-mustvalged-traksid-koerale-m-45-70cm","status":"publish","type":"product","link":"https:\/\/kasskoer.ee\/en\/toode\/flamingo-lago-mustvalged-traksid-koerale-m-45-70cm\/","title":{"rendered":"Flamingo Lago mustvalged traksid koerale M 45-70cm"},"content":{"rendered":"<p><b>Flamingo Lago mugavad ja vastupidavad reguleeritavad traksid koerale.<\/b>&#13;<\/p>\n<li>Valmistatud linasest materjalist ning t\u00e4idetud pehme k\u00e4snpolstriga.<\/li>\n<p>&#13;<\/p>\n<li>Pehme polsterdus ja hingav v\u00f5rkmaterjal pakuvad kandmisel lisamugavust.<\/li>\n<p>&#13;<\/p>\n<li>Varustatud kroomitud viimistlusega metallist kl\u00f5pskinnituste ja r\u00f5ngastega, mis asuvad nii rinnal kui ka seljal, pakkudes erinevaid rihma kinnitamise v\u00f5imalusi.<\/li>\n<p>&#13;<br \/>\n<br \/>&#13;<br \/>\n<b>M\u00f5\u00f5dud<\/b><br \/> &#13;<br \/>\nA: 38-61 cm<br \/>&#13;<br \/>\nB: 45-70 cm x 25 mm<\/p>\n","protected":false},"excerpt":{"rendered":"<p>Mugavad ja vastupidavad reguleeritavad traksid koerale.<\/p>\n","protected":false},"featured_media":19804,"template":"","meta":[],"product_cat":[1324],"product_tag":[],"class_list":{"0":"post-19803","1":"product","2":"type-product","3":"status-publish","4":"has-post-thumbnail","6":"product_cat-koerte-traksid","7":"pa_brand-flamingo","8":"pa_ean-3719","9":"pa_kaal-0-340","10":"pa_tootjariik-hiina","12":"first","13":"instock","14":"taxable","15":"shipping-taxable","16":"purchasable","17":"product-type-simple"},"_links":{"self":[{"href":"https:\/\/kasskoer.ee\/en\/wp-json\/wp\/v2\/product\/19803","targetHints":{"allow":["GET"]}}],"collection":[{"href":"https:\/\/kasskoer.ee\/en\/wp-json\/wp\/v2\/product"}],"about":[{"href":"https:\/\/kasskoer.ee\/en\/wp-json\/wp\/v2\/types\/product"}],"wp:featuredmedia":[{"embeddable":true,"href":"https:\/\/kasskoer.ee\/en\/wp-json\/wp\/v2\/media\/19804"}],"wp:attachment":[{"href":"https:\/\/kasskoer.ee\/en\/wp-json\/wp\/v2\/media?parent=19803"}],"wp:term":[{"taxonomy":"product_cat","embeddable":true,"href":"https:\/\/kasskoer.ee\/en\/wp-json\/wp\/v2\/product_cat?post=19803"},{"taxonomy":"product_tag","embeddable":true,"href":"https:\/\/kasskoer.ee\/en\/wp-json\/wp\/v2\/product_tag?post=19803"}],"curies":[{"name":"wp","href":"https:\/\/api.w.org\/{rel}","templated":true}]}}