{"id":19811,"date":"2026-04-20T03:05:02","date_gmt":"2026-04-20T00:05:02","guid":{"rendered":"https:\/\/kasskoer.ee\/product\/flamingo-toga-punased-traksid-koerale-s-54-66cm\/"},"modified":"2026-04-20T03:05:04","modified_gmt":"2026-04-20T00:05:04","slug":"flamingo-toga-punased-traksid-koerale-s-54-66cm","status":"publish","type":"product","link":"https:\/\/kasskoer.ee\/en\/toode\/flamingo-toga-punased-traksid-koerale-s-54-66cm\/","title":{"rendered":"Flamingo Toga punased traksid koerale S 54-66cm"},"content":{"rendered":"<p><b>Flamingo Toga traksid on valmistatud vastupidavast nailonist ning varustatud pehme polsterduse ja hingava v\u00f5rkmaterjaliga, mis tagavad sinu lemmikule kandmisel suurema mugavuse.<\/b>&#13;<\/p>\n<li>Y-kujuline disain tagab \u00fchtlase survejaotuse ning sobib h\u00e4sti nii kutsikatele, kasvavatele kui ka t\u00e4iskasvanud koertele.<\/li>\n<p>&#13;<\/p>\n<li>Klikk-kinnitused kaela ja k\u00f5hu juures muudavad trakside selgapaneku lihtsaks ka koertele, kellele \u00fcle pea t\u00f5mmatavad traksid ei meeldi.<\/li>\n<p>&#13;<\/p>\n<li>Varustatud k\u00e4epidemega, mis annab vajadusel parema kontrolli koera \u00fcle. Seljal ja rinnal asuvad musta l\u00e4ikega viimistletud metallr\u00f5ngad rihma kinnitamiseks.<\/li>\n<p>&#13;<\/p>\n<li>Helkurribad tagavad pimedal ajal parema n\u00e4htavuse ja turvalisuse.<\/li>\n<p>&#13;<\/p>\n<li>V\u00f5imalik kasutada turvatraksidena koos auto turvav\u00f6\u00f6ga.<\/li>\n<p>&#13;<br \/>\n<br \/>&#13;<br \/>\n<b>M\u00f5\u00f5dud<\/b><br \/> &#13;<br \/>\nA: 43 cm<br \/>&#13;<br \/>\nB: 54-66 cm<\/p>\n","protected":false},"excerpt":{"rendered":"<p>Mugavad ja vastupidavad punased nailonist reguleeritavad traksid koerale.<\/p>\n","protected":false},"featured_media":19812,"template":"","meta":[],"product_cat":[1324],"product_tag":[],"class_list":{"0":"post-19811","1":"product","2":"type-product","3":"status-publish","4":"has-post-thumbnail","6":"product_cat-koerte-traksid","7":"pa_brand-flamingo","8":"pa_ean-3721","9":"pa_kaal-0-160","10":"pa_tootjariik-hiina","12":"first","13":"instock","14":"taxable","15":"shipping-taxable","16":"purchasable","17":"product-type-simple"},"_links":{"self":[{"href":"https:\/\/kasskoer.ee\/en\/wp-json\/wp\/v2\/product\/19811","targetHints":{"allow":["GET"]}}],"collection":[{"href":"https:\/\/kasskoer.ee\/en\/wp-json\/wp\/v2\/product"}],"about":[{"href":"https:\/\/kasskoer.ee\/en\/wp-json\/wp\/v2\/types\/product"}],"wp:featuredmedia":[{"embeddable":true,"href":"https:\/\/kasskoer.ee\/en\/wp-json\/wp\/v2\/media\/19812"}],"wp:attachment":[{"href":"https:\/\/kasskoer.ee\/en\/wp-json\/wp\/v2\/media?parent=19811"}],"wp:term":[{"taxonomy":"product_cat","embeddable":true,"href":"https:\/\/kasskoer.ee\/en\/wp-json\/wp\/v2\/product_cat?post=19811"},{"taxonomy":"product_tag","embeddable":true,"href":"https:\/\/kasskoer.ee\/en\/wp-json\/wp\/v2\/product_tag?post=19811"}],"curies":[{"name":"wp","href":"https:\/\/api.w.org\/{rel}","templated":true}]}}