{"id":19817,"date":"2026-04-20T03:05:02","date_gmt":"2026-04-20T00:05:02","guid":{"rendered":"https:\/\/kasskoer.ee\/product\/flamingo-elly-helesinine-treeningrihm-koerale-250-x-25cm\/"},"modified":"2026-04-20T03:05:05","modified_gmt":"2026-04-20T00:05:05","slug":"flamingo-elly-helesinine-treeningrihm-koerale-250-x-25cm","status":"publish","type":"product","link":"https:\/\/kasskoer.ee\/en\/toode\/flamingo-elly-helesinine-treeningrihm-koerale-250-x-25cm\/","title":{"rendered":"Flamingo Elly helesinine treeningrihm koerale 250 x 2,5cm"},"content":{"rendered":"<p><b>Flamingo Elly vastupidav ja moodne treeningrihm sobib h\u00e4sti nii igap\u00e4evasteks jalutusk\u00e4ikudeks kui ka treeninguks.<\/b>&#13;<\/p>\n<li>Kolmes astmes reguleeritav pikkus v\u00f5imaldab kasutada rihma l\u00fchikese, pika v\u00f5i k\u00e4ed-vabad jalutusrihmana.<\/li>\n<p>&#13;<\/p>\n<li>Sobib h\u00e4sti ka v\u00e4ikestele koertele ja kutsikatele.<\/li>\n<p>&#13;<\/p>\n<li>Valmistatud vastupidavast nailonist ning varustatud tugeva karabiini ja metallr\u00f5ngastega.<\/li>\n<p>&#13;<br \/>\n<br \/>&#13;<br \/>\n<b>M\u00f5\u00f5dud<\/b><br \/> &#13;<br \/>\n250 x 2,5 cm<\/p>\n","protected":false},"excerpt":{"rendered":"<p>Helesinine vastupidav nailonist treeningrihm koerale.<\/p>\n","protected":false},"featured_media":19818,"template":"","meta":[],"product_cat":[1331],"product_tag":[],"class_list":{"0":"post-19817","1":"product","2":"type-product","3":"status-publish","4":"has-post-thumbnail","6":"product_cat-koerte-rihmad","7":"pa_brand-flamingo","8":"pa_ean-3722","9":"pa_kaal-0-230","10":"pa_tootjariik-hiina","12":"first","13":"instock","14":"taxable","15":"shipping-taxable","16":"purchasable","17":"product-type-simple"},"_links":{"self":[{"href":"https:\/\/kasskoer.ee\/en\/wp-json\/wp\/v2\/product\/19817","targetHints":{"allow":["GET"]}}],"collection":[{"href":"https:\/\/kasskoer.ee\/en\/wp-json\/wp\/v2\/product"}],"about":[{"href":"https:\/\/kasskoer.ee\/en\/wp-json\/wp\/v2\/types\/product"}],"wp:featuredmedia":[{"embeddable":true,"href":"https:\/\/kasskoer.ee\/en\/wp-json\/wp\/v2\/media\/19818"}],"wp:attachment":[{"href":"https:\/\/kasskoer.ee\/en\/wp-json\/wp\/v2\/media?parent=19817"}],"wp:term":[{"taxonomy":"product_cat","embeddable":true,"href":"https:\/\/kasskoer.ee\/en\/wp-json\/wp\/v2\/product_cat?post=19817"},{"taxonomy":"product_tag","embeddable":true,"href":"https:\/\/kasskoer.ee\/en\/wp-json\/wp\/v2\/product_tag?post=19817"}],"curies":[{"name":"wp","href":"https:\/\/api.w.org\/{rel}","templated":true}]}}