{"id":19820,"date":"2026-04-20T03:05:05","date_gmt":"2026-04-20T00:05:05","guid":{"rendered":"https:\/\/kasskoer.ee\/product\/flamingo-gazo-maasse-kinnitatav-manguasi-koerale-25x118cm\/"},"modified":"2026-04-20T03:05:05","modified_gmt":"2026-04-20T00:05:05","slug":"flamingo-gazo-maasse-kinnitatav-manguasi-koerale-25x118cm","status":"publish","type":"product","link":"https:\/\/kasskoer.ee\/en\/toode\/flamingo-gazo-maasse-kinnitatav-manguasi-koerale-25x118cm\/","title":{"rendered":"Flamingo Gazo maasse kinnitatav m\u00e4nguasi koerale 25&#215;11,8cm"},"content":{"rendered":"<p><b>Flamingo Gazo multifunktsionaalne ja vastupidav piiksuv t\u00f5mbem\u00e4nguasi koertele.<\/b>&#13;<\/p>\n<li>Varustatud elastse k\u00f6ie ja maasse kinnitatava vaiaga, mis hoiab m\u00e4nguasja kindlalt paigal.<\/li>\n<p>&#13;<\/p>\n<li>Sobib suurep\u00e4raselt t\u00f5mbem\u00e4nguks ka ilma omaniku osaluseta ning pakub koerale tundideks aktiivset ja l\u00f5busat tegevust \u00f5ues.<\/li>\n<p>&#13;<\/p>\n<li>M\u00e4nguasja saab t\u00e4ita maiustega, et muuta m\u00e4ng veelgi p\u00f5nevamaks.<\/li>\n<p>&#13;<\/p>\n<li>N\u00e4rimise ajal aitab m\u00e4nguasi v\u00e4hendada hambakattu ja hambakivi ning toetab hammaste hooldust.<\/li>\n","protected":false},"excerpt":{"rendered":"<p>Multifunktsionaalne maasse kinnitatav t\u00f5mbem\u00e4nguasi koertele.<\/p>\n","protected":false},"featured_media":19821,"template":"","meta":[],"product_cat":[1326,688],"product_tag":[],"class_list":{"0":"post-19820","1":"product","2":"type-product","3":"status-publish","4":"has-post-thumbnail","6":"product_cat-koerte-manguasjad","7":"product_cat-koerad","8":"pa_brand-flamingo","9":"pa_ean-3723","10":"pa_kaal-0-390","11":"pa_tootjariik-hiina","13":"first","14":"instock","15":"taxable","16":"shipping-taxable","17":"purchasable","18":"product-type-simple"},"_links":{"self":[{"href":"https:\/\/kasskoer.ee\/en\/wp-json\/wp\/v2\/product\/19820","targetHints":{"allow":["GET"]}}],"collection":[{"href":"https:\/\/kasskoer.ee\/en\/wp-json\/wp\/v2\/product"}],"about":[{"href":"https:\/\/kasskoer.ee\/en\/wp-json\/wp\/v2\/types\/product"}],"wp:featuredmedia":[{"embeddable":true,"href":"https:\/\/kasskoer.ee\/en\/wp-json\/wp\/v2\/media\/19821"}],"wp:attachment":[{"href":"https:\/\/kasskoer.ee\/en\/wp-json\/wp\/v2\/media?parent=19820"}],"wp:term":[{"taxonomy":"product_cat","embeddable":true,"href":"https:\/\/kasskoer.ee\/en\/wp-json\/wp\/v2\/product_cat?post=19820"},{"taxonomy":"product_tag","embeddable":true,"href":"https:\/\/kasskoer.ee\/en\/wp-json\/wp\/v2\/product_tag?post=19820"}],"curies":[{"name":"wp","href":"https:\/\/api.w.org\/{rel}","templated":true}]}}