{"id":19824,"date":"2026-04-20T03:05:05","date_gmt":"2026-04-20T00:05:05","guid":{"rendered":"https:\/\/kasskoer.ee\/product\/flamingo-glowa-helendav-tombelelu-koerale-s-43x13cm\/"},"modified":"2026-04-20T03:05:06","modified_gmt":"2026-04-20T00:05:06","slug":"flamingo-glowa-helendav-tombelelu-koerale-s-43x13cm","status":"publish","type":"product","link":"https:\/\/kasskoer.ee\/en\/toode\/flamingo-glowa-helendav-tombelelu-koerale-s-43x13cm\/","title":{"rendered":"Flamingo Glowa helendav t\u00f5mbelelu koerale S 43x13cm"},"content":{"rendered":"<p><b>Flamingo helendav m\u00e4nguasi koertele.<\/b>&#13;<\/p>\n<li>Valmistatud tugevast ja vastupidavast PP-plastikust.<\/li>\n<p>&#13;<\/p>\n<li>M\u00e4nguasi helendab pimedas, et h\u00e4maras oleks m\u00e4ngimine veelgi l\u00f5busam.<\/li>\n<p>&#13;<\/p>\n<li>Varustatud k\u00e4epidemega, mis pakub m\u00e4ngimise ajal rohkem v\u00f5imalusi ja julgustab koera aktiivselt m\u00e4ngima.<\/li>\n","protected":false},"excerpt":{"rendered":"<p>Helendav m\u00e4nguasi koertele.<\/p>\n","protected":false},"featured_media":19848,"template":"","meta":[],"product_cat":[1326,688],"product_tag":[],"class_list":{"0":"post-19824","1":"product","2":"type-product","3":"status-publish","4":"has-post-thumbnail","6":"product_cat-koerte-manguasjad","7":"product_cat-koerad","8":"pa_brand-flamingo","9":"pa_ean-3724","10":"pa_kaal-0-130","11":"pa_tootjariik-hiina","13":"first","14":"instock","15":"taxable","16":"shipping-taxable","17":"purchasable","18":"product-type-simple"},"_links":{"self":[{"href":"https:\/\/kasskoer.ee\/en\/wp-json\/wp\/v2\/product\/19824","targetHints":{"allow":["GET"]}}],"collection":[{"href":"https:\/\/kasskoer.ee\/en\/wp-json\/wp\/v2\/product"}],"about":[{"href":"https:\/\/kasskoer.ee\/en\/wp-json\/wp\/v2\/types\/product"}],"wp:featuredmedia":[{"embeddable":true,"href":"https:\/\/kasskoer.ee\/en\/wp-json\/wp\/v2\/media\/19848"}],"wp:attachment":[{"href":"https:\/\/kasskoer.ee\/en\/wp-json\/wp\/v2\/media?parent=19824"}],"wp:term":[{"taxonomy":"product_cat","embeddable":true,"href":"https:\/\/kasskoer.ee\/en\/wp-json\/wp\/v2\/product_cat?post=19824"},{"taxonomy":"product_tag","embeddable":true,"href":"https:\/\/kasskoer.ee\/en\/wp-json\/wp\/v2\/product_tag?post=19824"}],"curies":[{"name":"wp","href":"https:\/\/api.w.org\/{rel}","templated":true}]}}