{"id":19831,"date":"2026-04-20T03:10:48","date_gmt":"2026-04-20T00:10:48","guid":{"rendered":"https:\/\/kasskoer.ee\/product\/flamingo-jouluteemaline-piiksuv-manguasi-koerale-35cm-assortii\/"},"modified":"2026-04-20T03:10:50","modified_gmt":"2026-04-20T00:10:50","slug":"flamingo-jouluteemaline-piiksuv-manguasi-koerale-35cm-assortii","status":"publish","type":"product","link":"https:\/\/kasskoer.ee\/en\/toode\/flamingo-jouluteemaline-piiksuv-manguasi-koerale-35cm-assortii\/","title":{"rendered":"Flamingo j\u00f5uluteemaline piiksuv m\u00e4nguasi koerale 35cm (assortii)"},"content":{"rendered":"<p><b>Flamingo j\u00f5uluteemaline m\u00e4nguasi koertele.<\/b>&#13;<\/p>\n<li>Valmistatud pehmest pl\u00fc\u00fcsist, mille sees on PET-pudel, mida saab vajadusel uue vastu vahetada.<\/li>\n<p>&#13;<\/p>\n<li>M\u00e4nguasi piiksub ja krabiseb, pakkudes koerale veelgi rohkem m\u00e4ngur\u00f5\u00f5mu.<\/li>\n<p>&#13;<\/p>\n<li>NB! Toode on m\u00fc\u00fcgil assortiina \u2013 v\u00e4rvid v\u00f5ivad erineda ja saadetakse juhuslikult.<\/li>\n","protected":false},"excerpt":{"rendered":"<p>Piiksuv ja krabisev j\u00f5uluteemaline m\u00e4nguasi koertele.<\/p>\n","protected":false},"featured_media":19832,"template":"","meta":[],"product_cat":[1326,688],"product_tag":[],"class_list":{"0":"post-19831","1":"product","2":"type-product","3":"status-publish","4":"has-post-thumbnail","6":"product_cat-koerte-manguasjad","7":"product_cat-koerad","8":"pa_brand-flamingo","9":"pa_ean-3726","10":"pa_kaal-0-090","11":"pa_tootjariik-hiina","13":"first","14":"instock","15":"taxable","16":"shipping-taxable","17":"purchasable","18":"product-type-simple"},"_links":{"self":[{"href":"https:\/\/kasskoer.ee\/en\/wp-json\/wp\/v2\/product\/19831","targetHints":{"allow":["GET"]}}],"collection":[{"href":"https:\/\/kasskoer.ee\/en\/wp-json\/wp\/v2\/product"}],"about":[{"href":"https:\/\/kasskoer.ee\/en\/wp-json\/wp\/v2\/types\/product"}],"wp:featuredmedia":[{"embeddable":true,"href":"https:\/\/kasskoer.ee\/en\/wp-json\/wp\/v2\/media\/19832"}],"wp:attachment":[{"href":"https:\/\/kasskoer.ee\/en\/wp-json\/wp\/v2\/media?parent=19831"}],"wp:term":[{"taxonomy":"product_cat","embeddable":true,"href":"https:\/\/kasskoer.ee\/en\/wp-json\/wp\/v2\/product_cat?post=19831"},{"taxonomy":"product_tag","embeddable":true,"href":"https:\/\/kasskoer.ee\/en\/wp-json\/wp\/v2\/product_tag?post=19831"}],"curies":[{"name":"wp","href":"https:\/\/api.w.org\/{rel}","templated":true}]}}