{"id":19836,"date":"2026-04-20T03:10:54","date_gmt":"2026-04-20T00:10:54","guid":{"rendered":"https:\/\/kasskoer.ee\/product\/flamingo-lia-hall-kraapimispuu-kassidele-30x30x59cm\/"},"modified":"2026-04-20T03:10:56","modified_gmt":"2026-04-20T00:10:56","slug":"flamingo-lia-hall-kraapimispuu-kassidele-30x30x59cm","status":"publish","type":"product","link":"https:\/\/kasskoer.ee\/en\/toode\/flamingo-lia-hall-kraapimispuu-kassidele-30x30x59cm\/","title":{"rendered":"Flamingo Lia hall kraapimispuu kassidele 30x30x59cm"},"content":{"rendered":"<p><b>Flamingo Lia kraapimispuu on valmistatud pehmest pl\u00fc\u00fcsist ning varustatud puuvillase kraapimisk\u00f6iega.<\/b>&#13;<\/p>\n<li>Kraapimispost aitab rahuldada kassi loomulikku kraapimisvajadust ning hoiab k\u00fc\u00fcned korras.<\/li>\n<p>&#13;<\/p>\n<li>Lisatud k\u00f5lisevad m\u00e4nguasjad pakuvad kassile veelgi rohkem m\u00e4ngur\u00f5\u00f5mu.<\/li>\n<p>&#13;<br \/>\n<br \/>&#13;<br \/>\n<b>M\u00f5\u00f5dud<\/b><br \/>&#13;<br \/>\n30 x 30 x 59 cm<\/p>\n","protected":false},"excerpt":{"rendered":"<p>Hall kraapimispuu kassile, pehmest velvetist aluse ja k\u00f5lisevate m\u00e4ngupallidega.<\/p>\n","protected":false},"featured_media":19837,"template":"","meta":[],"product_cat":[1322],"product_tag":[],"class_list":{"0":"post-19836","1":"product","2":"type-product","3":"status-publish","4":"has-post-thumbnail","6":"product_cat-kasside-ronimispuud-ja-kraapimislauad","7":"pa_brand-flamingo","8":"pa_ean-3727","9":"pa_kaal-1-270","10":"pa_tootjariik-hiina","12":"first","13":"instock","14":"taxable","15":"shipping-taxable","16":"purchasable","17":"product-type-simple"},"_links":{"self":[{"href":"https:\/\/kasskoer.ee\/en\/wp-json\/wp\/v2\/product\/19836","targetHints":{"allow":["GET"]}}],"collection":[{"href":"https:\/\/kasskoer.ee\/en\/wp-json\/wp\/v2\/product"}],"about":[{"href":"https:\/\/kasskoer.ee\/en\/wp-json\/wp\/v2\/types\/product"}],"wp:featuredmedia":[{"embeddable":true,"href":"https:\/\/kasskoer.ee\/en\/wp-json\/wp\/v2\/media\/19837"}],"wp:attachment":[{"href":"https:\/\/kasskoer.ee\/en\/wp-json\/wp\/v2\/media?parent=19836"}],"wp:term":[{"taxonomy":"product_cat","embeddable":true,"href":"https:\/\/kasskoer.ee\/en\/wp-json\/wp\/v2\/product_cat?post=19836"},{"taxonomy":"product_tag","embeddable":true,"href":"https:\/\/kasskoer.ee\/en\/wp-json\/wp\/v2\/product_tag?post=19836"}],"curies":[{"name":"wp","href":"https:\/\/api.w.org\/{rel}","templated":true}]}}