{"id":19840,"date":"2026-04-20T03:15:00","date_gmt":"2026-04-20T00:15:00","guid":{"rendered":"https:\/\/kasskoer.ee\/product\/flamingo-rizzo-kassimanguasi-naistenogesega-21cm-assortii\/"},"modified":"2026-04-20T03:15:03","modified_gmt":"2026-04-20T00:15:03","slug":"flamingo-rizzo-kassimanguasi-naistenogesega-21cm-assortii","status":"publish","type":"product","link":"https:\/\/kasskoer.ee\/en\/toode\/flamingo-rizzo-kassimanguasi-naistenogesega-21cm-assortii\/","title":{"rendered":"Flamingo Rizzo kassim\u00e4nguasi naisten\u00f5gesega 21cm (assortii)"},"content":{"rendered":"<p><b>Flamingo pehme ja krabisev naisten\u00f5gesega kassim\u00e4nguasi.<\/b>&#13;<\/p>\n<li>Valmistatud pehmest tekstiilist.<\/li>\n<p>&#13;<\/p>\n<li>Lintidega m\u00e4nguasi sobib suurep\u00e4raselt aktiivseks m\u00e4ngimiseks ja pakub kassile veelgi rohkem m\u00e4ngur\u00f5\u00f5mu.<\/li>\n<p>&#13;<\/p>\n<li>NB! Toode on m\u00fc\u00fcgil assortiina \u2013 v\u00e4rvid v\u00f5ivad erineda ja saadetakse juhuslikult.<\/li>\n","protected":false},"excerpt":{"rendered":"<p>Naisten\u00f5gesega m\u00e4nguasi kassidele &#8220;Kass&#8221;.<\/p>\n","protected":false},"featured_media":19841,"template":"","meta":[],"product_cat":[1211],"product_tag":[],"class_list":{"0":"post-19840","1":"product","2":"type-product","3":"status-publish","4":"has-post-thumbnail","6":"product_cat-kasside-maiused","7":"pa_brand-flamingo","8":"pa_ean-3729","9":"pa_kaal-0-020","10":"pa_tootjariik-hiina","12":"first","13":"instock","14":"taxable","15":"shipping-taxable","16":"purchasable","17":"product-type-simple"},"_links":{"self":[{"href":"https:\/\/kasskoer.ee\/en\/wp-json\/wp\/v2\/product\/19840","targetHints":{"allow":["GET"]}}],"collection":[{"href":"https:\/\/kasskoer.ee\/en\/wp-json\/wp\/v2\/product"}],"about":[{"href":"https:\/\/kasskoer.ee\/en\/wp-json\/wp\/v2\/types\/product"}],"wp:featuredmedia":[{"embeddable":true,"href":"https:\/\/kasskoer.ee\/en\/wp-json\/wp\/v2\/media\/19841"}],"wp:attachment":[{"href":"https:\/\/kasskoer.ee\/en\/wp-json\/wp\/v2\/media?parent=19840"}],"wp:term":[{"taxonomy":"product_cat","embeddable":true,"href":"https:\/\/kasskoer.ee\/en\/wp-json\/wp\/v2\/product_cat?post=19840"},{"taxonomy":"product_tag","embeddable":true,"href":"https:\/\/kasskoer.ee\/en\/wp-json\/wp\/v2\/product_tag?post=19840"}],"curies":[{"name":"wp","href":"https:\/\/api.w.org\/{rel}","templated":true}]}}