{"id":19858,"date":"2026-04-20T03:15:52","date_gmt":"2026-04-20T00:15:52","guid":{"rendered":"https:\/\/kasskoer.ee\/product\/sams-field-power-4300-koeratoit-13-kg\/"},"modified":"2026-04-20T03:15:52","modified_gmt":"2026-04-20T00:15:52","slug":"sams-field-power-4300-koeratoit-13-kg","status":"publish","type":"product","link":"https:\/\/kasskoer.ee\/en\/toode\/sams-field-power-4300-koeratoit-13-kg\/","title":{"rendered":"Sam&#8217;s Field Power 4300 koeratoit 13 kg"},"content":{"rendered":"<p><strong>Sam\u00b4s Field 4300 Power Chicken &amp; Potato superpremium t\u00e4istoit k\u00f5rge energiavajadusega koertele v\u00e4rske kanalihaga.<\/strong> <\/p>\n<ul>\n<li>Sisaldab 70% kana, puu- ja k\u00f6\u00f6givilju.<\/li>\n<li>Valkude ja rasvade sisaldus k\u00f5rge energiavajaduse tagamiseks.<\/li>\n<li>Prebiootikumid (mannaani-oligo ja frukto-oligosahhariidid) soolestiku tervise jaoks.<\/li>\n<li>Looduslikud vitamiinide ja antioks\u00fcdantide allikad immuunsuse parandamiseks.<\/li>\n<li>V\u00e4rske kana&nbsp;suurep\u00e4raseks seeduvuseks.<\/li>\n<\/ul>\n<p> <strong>Koostis<\/strong><br \/> Kana, kanamaks, kartul, mais, linnurasv (s\u00e4ilitatud segatokoferoolidega, E-vitamiini allikas), l\u00f5he\u00f5li, looduslikud l\u00f5hna- ja maitseained, kuivatatud tavaline peedi viljaliha, kuivatatud \u00f5unad, \u00f5llep\u00e4rm, tomatid, Yucca schidigera ekstrakt, porgand , mineraalid, DL-metioniin, L-l\u00fcsiin, mannanoligosahhariidid, frukto-oligosahhariidid, probiootikumid.<\/p>\n<p> <strong>Anal\u00fc\u00fctiline koostis<\/strong><br \/> Toorvalk 32% , toorrasv 21%, toorkiud 2,8%, toortuhk 7,2%, niiskus 10%, kaltsium 1,6%, fosfor 1,2%.<\/p>\n<p> <strong>Toitainelised lisandid<\/strong><br \/> A-vitamiin 20 000 R\u00dc, D3-vitamiin 1 900 R\u00dc, E-vitamiin 500 mg, B1-vitamiin 4,5 mg, B2-vitamiin 6,0 mg, B6-vitamiin 5,0 mg, B12-vitamiin 0,05 mg, niatsiin 26 mg, kaltsium pantotenaat 13 mg, biotiin 0,78 mg, foolhape 0,65 mg, koliinkloriid 780 mg, orgaaniline tsink 107 mg, orgaaniline vask 18 mg, jood 0,84 mg, orgaaniline seleen 0,2 mg.<\/p>\n<p> <strong>Metaboliseeruv energia<\/strong><br \/> 4050 kcal\/kg<\/p>\n<p> <strong>Soovituslik p\u00e4evane kogus<\/strong> <\/p>\n<table style=\"width: 665px;\">\n<tbody>\n<tr class=\"subhead\">\n<td style=\"width: 158px;\">Koera kaal (kg)<\/td>\n<td style=\"width: 31px;\">5 kg<\/td>\n<td style=\"width: 36px;\">10 kg<\/td>\n<td style=\"width: 35px;\">15 kg<\/td>\n<td style=\"width: 34px;\">20kg<\/td>\n<td style=\"width: 38px;\">25 kg<\/td>\n<td style=\"width: 35px;\">30 kg<\/td>\n<td style=\"width: 38px;\">40 kg<\/td>\n<td style=\"width: 36px;\">50 kg<\/td>\n<td style=\"width: 36px;\">60 kg<\/td>\n<td style=\"width: 34px;\">70 kg<\/td>\n<td style=\"width: 36px;\">80 kg<\/td>\n<td style=\"width: 36px;\">90 kg<\/td>\n<\/tr>\n<tr>\n<td style=\"width: 158px;\">P\u00e4evane kogus aktiivsele koerale (g)<\/td>\n<td style=\"width: 31px;\">75 g<\/td>\n<td style=\"width: 36px;\">130 g<\/td>\n<td style=\"width: 35px;\">175 g<\/td>\n<td style=\"width: 34px;\">215 g<\/td>\n<td style=\"width: 38px;\">255 g<\/td>\n<td style=\"width: 35px;\">290 g<\/td>\n<td style=\"width: 38px;\">365 g<\/td>\n<td style=\"width: 36px;\">430 g<\/td>\n<td style=\"width: 36px;\">490 g<\/td>\n<td style=\"width: 34px;\">550 g<\/td>\n<td style=\"width: 36px;\">610 g<\/td>\n<td style=\"width: 36px;\">665 g<\/td>\n<\/tr>\n<tr>\n<td style=\"width: 158px;\">P\u00e4evane kogus \u00fcliaktiivsele koerale (g)<\/td>\n<td style=\"width: 31px;\">85 g<\/td>\n<td style=\"width: 36px;\">150 g<\/td>\n<td style=\"width: 35px;\">205 g<\/td>\n<td style=\"width: 34px;\">255 g<\/td>\n<td style=\"width: 38px;\">300 g<\/td>\n<td style=\"width: 35px;\">345 g<\/td>\n<td style=\"width: 38px;\">425 g<\/td>\n<td style=\"width: 36px;\">505 g<\/td>\n<td style=\"width: 36px;\">575 g<\/td>\n<td style=\"width: 34px;\">650 g<\/td>\n<td style=\"width: 36px;\">715 g<\/td>\n<td style=\"width: 36px;\">785 g<\/td>\n<\/tr>\n<\/tbody>\n<\/table>\n","protected":false},"excerpt":{"rendered":"<p>Sam&#8217;s Field t\u00e4iss\u00f6\u00f6t v\u00e4ga aktiivsetele koertele koertele kanalihaga.<\/p>\n","protected":false},"featured_media":19859,"template":"","meta":[],"product_cat":[688,64],"product_tag":[],"class_list":{"0":"post-19858","1":"product","2":"type-product","3":"status-publish","4":"has-post-thumbnail","6":"product_cat-koerad","7":"product_cat-koeratoit","8":"pa_brand-sams-field","9":"pa_ean-393","10":"pa_kaal-13-000","11":"pa_tootjariik-tsehhi","13":"first","14":"instock","15":"taxable","16":"shipping-taxable","17":"purchasable","18":"product-type-simple"},"_links":{"self":[{"href":"https:\/\/kasskoer.ee\/en\/wp-json\/wp\/v2\/product\/19858","targetHints":{"allow":["GET"]}}],"collection":[{"href":"https:\/\/kasskoer.ee\/en\/wp-json\/wp\/v2\/product"}],"about":[{"href":"https:\/\/kasskoer.ee\/en\/wp-json\/wp\/v2\/types\/product"}],"wp:featuredmedia":[{"embeddable":true,"href":"https:\/\/kasskoer.ee\/en\/wp-json\/wp\/v2\/media\/19859"}],"wp:attachment":[{"href":"https:\/\/kasskoer.ee\/en\/wp-json\/wp\/v2\/media?parent=19858"}],"wp:term":[{"taxonomy":"product_cat","embeddable":true,"href":"https:\/\/kasskoer.ee\/en\/wp-json\/wp\/v2\/product_cat?post=19858"},{"taxonomy":"product_tag","embeddable":true,"href":"https:\/\/kasskoer.ee\/en\/wp-json\/wp\/v2\/product_tag?post=19858"}],"curies":[{"name":"wp","href":"https:\/\/api.w.org\/{rel}","templated":true}]}}