{"id":19867,"date":"2026-04-25T03:00:04","date_gmt":"2026-04-25T00:00:04","guid":{"rendered":"https:\/\/kasskoer.ee\/product\/brit-premium-lamb-green-peas-in-gravy-margtoit-koerale-85g\/"},"modified":"2026-04-25T03:00:04","modified_gmt":"2026-04-25T00:00:04","slug":"brit-premium-lamb-green-peas-in-gravy-margtoit-koertele-85g","status":"publish","type":"product","link":"https:\/\/kasskoer.ee\/en\/toode\/brit-premium-lamb-green-peas-in-gravy-margtoit-koertele-85g\/","title":{"rendered":"Brit Premium Lamb &#038; Green Peas in Gravy m\u00e4rgtoit koertele 85g"},"content":{"rendered":"<p><b>Brit Premium by Nature lambaliha ja roheliste hernestega m\u00e4rg-t\u00e4iss\u00f6\u00f6t t\u00e4iskasvanud koertele.<\/b>&#13;<\/p>\n<li>Lambaliha on h\u00fcpoallergeenne ja kergesti seeditav valguallikas, mis sobib h\u00e4sti tundliku seedimisega koertele.<\/li>\n<p>&#13;<\/p>\n<li>Rikas asendamatute aminohapete poolest ning toetab lihaste toitmist ja kudede taastumist.<\/li>\n<p>&#13;<\/p>\n<li>Rohelised herned on rikkad vitamiinide, mineraalide ning kiudainete poolest. Need toetavad seedimist, aitavad tugevdada immuuns\u00fcsteemi ning annavad energiat.<\/li>\n<p>&#13;<\/p>\n<li>Sisaldab asendamatute aminohapete allikaid: l\u00fcsiin, treoniin ja tr\u00fcptofaan.<\/li>\n<p>&#13;<\/p>\n<li>Ei sisalda GMO-sid, soja ega lisatud suhkrut.<\/li>\n<p>&#13;<br \/>\n<br \/>&#13;<br \/>\n<b>Koostis<\/b><br \/>&#13;<br \/>\n85% liha ja loomsed saadused (sh 5% lambaliha), taimset p\u00e4ritolu k\u00f5rvalsaadused (4% rohelised herned), mineraalained.<br \/>&#13;<br \/>\n<br \/>&#13;<br \/>\n<b>Anal\u00fc\u00fctiline koostis<\/b><br \/>&#13;<br \/>\nToorvalk 7,5%, toorrasv 3,5%, toortuhk 1,5%, toorkiud 0,8%, niiskus 82,0%, kaltsium 0,2%, fosfor 0,15%, naatrium 0,3%.<br \/>&#13;<br \/>\n<br \/>&#13;<br \/>\n<b>S\u00f6\u00f6dalisandid (1 kg kohta)<\/b><br \/>&#13;<br \/>\nToitainelised lisandid: A-vitamiin (3a672a) 500 R\u00dc, D3-vitamiin (3a671) 100 R\u00dc, E-vitamiin (3a700) 50 mg, koliinkloriid (3a890) 600 mg, B1-vitamiin (3a821) 0,3 mg, biotiin (3a880) 0,15 mg, foolhape (3a316) 0,08 mg, kaltsium-D-pantotenaat (3a841) 1,2 mg, tsink (3b612) 3,5 mg, mangaan (3b505) 0,7 mg, kaaliumjodiid (3b201) 0,15 mg, raud (3b107) 2,4 mg, vask (3b407) 0,5 mg.<br \/>&#13;<br \/>\n<br \/>&#13;<br \/>\n<b>Metaboliseeruv energia<\/b><br \/>&#13;<br \/>\n755 kcal\/kg<br \/>&#13;<br \/>\n<br \/>&#13;<br \/>\n <b>S\u00f6\u00f6tmisjuhend<\/b><br \/>&#13;<br \/>\n Anda loomale vastavalt tabelis soovitatud kogusele. V\u00e4rske vesi peab alati olema saadaval. P\u00e4rast kasutamist sulgege pakend.<\/p>\n","protected":false},"excerpt":{"rendered":"<p>Premium m\u00e4rg-t\u00e4iss\u00f6\u00f6t t\u00e4iskasvanud koertele.<\/p>\n","protected":false},"featured_media":19868,"template":"","meta":[],"product_cat":[688,106],"product_tag":[],"class_list":{"0":"post-19867","1":"product","2":"type-product","3":"status-publish","4":"has-post-thumbnail","6":"product_cat-koerad","7":"product_cat-konservid-koertele","8":"pa_brand-brit-premium","9":"pa_ean-3732","10":"pa_kaal-0-085","11":"pa_tootjariik-tsehhi","13":"first","14":"instock","15":"taxable","16":"shipping-taxable","17":"purchasable","18":"product-type-simple"},"_links":{"self":[{"href":"https:\/\/kasskoer.ee\/en\/wp-json\/wp\/v2\/product\/19867","targetHints":{"allow":["GET"]}}],"collection":[{"href":"https:\/\/kasskoer.ee\/en\/wp-json\/wp\/v2\/product"}],"about":[{"href":"https:\/\/kasskoer.ee\/en\/wp-json\/wp\/v2\/types\/product"}],"wp:featuredmedia":[{"embeddable":true,"href":"https:\/\/kasskoer.ee\/en\/wp-json\/wp\/v2\/media\/19868"}],"wp:attachment":[{"href":"https:\/\/kasskoer.ee\/en\/wp-json\/wp\/v2\/media?parent=19867"}],"wp:term":[{"taxonomy":"product_cat","embeddable":true,"href":"https:\/\/kasskoer.ee\/en\/wp-json\/wp\/v2\/product_cat?post=19867"},{"taxonomy":"product_tag","embeddable":true,"href":"https:\/\/kasskoer.ee\/en\/wp-json\/wp\/v2\/product_tag?post=19867"}],"curies":[{"name":"wp","href":"https:\/\/api.w.org\/{rel}","templated":true}]}}