{"id":19874,"date":"2026-04-25T03:00:04","date_gmt":"2026-04-25T00:00:04","guid":{"rendered":"https:\/\/kasskoer.ee\/product\/cazo-aspen-hall-pesa-koertele-120x95cm\/"},"modified":"2026-04-25T03:00:04","modified_gmt":"2026-04-25T00:00:04","slug":"cazo-aspen-hall-pesa-koertele-120x95cm","status":"publish","type":"product","link":"https:\/\/kasskoer.ee\/en\/toode\/cazo-aspen-hall-pesa-koertele-120x95cm\/","title":{"rendered":"Cazo Aspen hall pesa koertele 120x95cm"},"content":{"rendered":"<p><b>Cazo Aspen kollektsiooni pesad on loodud pakkuma sinu lemmikule luksust.<\/b>&#13;<\/p>\n<li>Valmistatud kvaliteetsest boucl\u00e9-struktuuriga kangast, mis annab pesale pehme ja hubase tunde ning elegantse v\u00e4limuse.<\/li>\n<p>&#13;<\/p>\n<li>Pesa on loodud igap\u00e4evaseks mugavuseks \u2013 pehme pealispind koos toetava vahtsisu t\u00e4idisega pakub koerale sobivat puhkekohta nii l\u00f5\u00f5gastumiseks kui ka magamiseks.<\/li>\n<p>&#13;<\/p>\n<li>Hingav materjal ja eriti pehme viimistlus tagavad meeldiva kasutuskogemuse.<\/li>\n<p>&#13;<\/p>\n<li>Pesa on ortopeediliste omadustega. <\/li>\n<p>&#13;<\/p>\n<li>Lihtsasti eemaldatav kate on masinpestav 30 \u00b0C juures.<\/li>\n<p>&#13;<br \/>\n<b>M\u00f5\u00f5dud:<\/b> 120 x 95 cm<\/p>\n","protected":false},"excerpt":{"rendered":"<p>Elegantne ja pehme pesa koertele.<\/p>\n","protected":false},"featured_media":19875,"template":"","meta":[],"product_cat":[692,456],"product_tag":[],"class_list":{"0":"post-19874","1":"product","2":"type-product","3":"status-publish","4":"has-post-thumbnail","6":"product_cat-lemmikutele-lisaks","7":"product_cat-pesad-ja-asemed","8":"pa_brand-cazo","9":"pa_ean-3734","10":"pa_kaal-3-200","11":"pa_tootjariik-poola","13":"first","14":"instock","15":"taxable","16":"shipping-taxable","17":"purchasable","18":"product-type-simple"},"_links":{"self":[{"href":"https:\/\/kasskoer.ee\/en\/wp-json\/wp\/v2\/product\/19874","targetHints":{"allow":["GET"]}}],"collection":[{"href":"https:\/\/kasskoer.ee\/en\/wp-json\/wp\/v2\/product"}],"about":[{"href":"https:\/\/kasskoer.ee\/en\/wp-json\/wp\/v2\/types\/product"}],"wp:featuredmedia":[{"embeddable":true,"href":"https:\/\/kasskoer.ee\/en\/wp-json\/wp\/v2\/media\/19875"}],"wp:attachment":[{"href":"https:\/\/kasskoer.ee\/en\/wp-json\/wp\/v2\/media?parent=19874"}],"wp:term":[{"taxonomy":"product_cat","embeddable":true,"href":"https:\/\/kasskoer.ee\/en\/wp-json\/wp\/v2\/product_cat?post=19874"},{"taxonomy":"product_tag","embeddable":true,"href":"https:\/\/kasskoer.ee\/en\/wp-json\/wp\/v2\/product_tag?post=19874"}],"curies":[{"name":"wp","href":"https:\/\/api.w.org\/{rel}","templated":true}]}}