{"id":19902,"date":"2026-05-01T03:00:03","date_gmt":"2026-05-01T00:00:03","guid":{"rendered":"https:\/\/kasskoer.ee\/product\/tessa-paakuv-bentoniit-kassiliiv-meretuule-lohnaga-10l\/"},"modified":"2026-05-01T03:00:04","modified_gmt":"2026-05-01T00:00:04","slug":"tessa-paakuv-bentoniit-kassiliiv-meretuule-lohnaga-10l","status":"publish","type":"product","link":"https:\/\/kasskoer.ee\/en\/toode\/tessa-paakuv-bentoniit-kassiliiv-meretuule-lohnaga-10l\/","title":{"rendered":"Tessa paakuv bentoniit kassiliiv meretuule l\u00f5hnaga 10L"},"content":{"rendered":"<p><b>Tessa meretuulel\u00f5hnaline paakuv kassiliiv lahendab kassipidaja k\u00f5ige suuremad mured korraga &#8211; halb l\u00f5hn, p\u00f5hja kinni j\u00e4\u00e4vad klombid, tolm, suur kulu ja t\u00fc\u00fctu puhastamine.<\/b><br \/>&#13;<br \/>\n<br \/>See meretuulel\u00f5hnaline kassiliiv on loodud selleks, et liivakast p\u00fcsiks kauem puhas ja kodu meeldivalt v\u00e4rske. V\u00e4ga poorsed graanulid imavad vedeliku kiiresti endasse ning paakuvad koheselt tugevateks, korrap\u00e4rasteks klompideks. T\u00e4nu sellele on kasti puhastamine kiire ja lihtne \u2013 eemaldad ainult klombid ning \u00fclej\u00e4\u00e4nud liiv j\u00e4\u00e4b kuivaks ja kasutusk\u00f5lblikuks.<br \/>&#13;<br \/>\n<br \/>&#13;<br \/>\nErinevalt paljudest tavalistest mineraalsetest kassiliivadest ei vaju niiskus kasti p\u00f5hja ega moodusta raskesti eemaldatavat m\u00e4rga kihti. Klombid p\u00fcsivad koos ega j\u00e4\u00e4 p\u00f5hja kinni ka \u00f5hema liivakihi korral, mist\u00f5ttu kulub toodet v\u00e4hem ja \u00fcks pakk kestab kauem.<br \/>&#13;<br \/>\n<br \/>&#13;<br \/>\nKuivad, kerged ja v\u00e4hetolmavad graanulid on kassile k\u00e4ppade all meeldivad. V\u00e4rske meretuulel\u00f5hn aitab neutraliseerida ebameeldivaid l\u00f5hnu ning hoiab liivakasti \u00fcmbruse kauem v\u00e4rskena. Samal ajal aitab liiv hoida liivakasti h\u00fcgieenilisena iga p\u00e4ev.<br \/>&#13;<br \/>\n<br \/>&#13;<\/p>\n<li>Valmistatud v\u00e4hetolmavast bentoniitsavist.<\/li>\n<p>&#13;<\/p>\n<li>V\u00e4rske meretuulel\u00f5hn aitab hoida kodu v\u00e4rskemana.<\/li>\n<p>&#13;<\/p>\n<li>V\u00e4ga k\u00f5rge imamisv\u00f5ime ning kiire ja tugev paakumine.<\/li>\n<p>&#13;<\/p>\n<li>Moodustab korrap\u00e4rased, lihtsalt eemaldatavad klombid, mis ei j\u00e4\u00e4 kasti p\u00f5hja kinni.<\/li>\n<p>&#13;<\/p>\n<li>Toodet kulub v\u00e4he \u2013 \u00f6konoomne valik igap\u00e4evaseks kasutamiseks.<\/li>\n<p>&#13;<\/p>\n<li>Seob t\u00f5husalt ebameeldivaid l\u00f5hnu ja aitab hoida liivakasti h\u00fcgieenilisena.<\/li>\n<p>&#13;<\/p>\n<li>Sobib kasutamiseks igas vanuses kassidele.<\/li>\n<p>&#13;<\/p>\n<li>Graanuli suurus 0,5-2 mm.<\/li>\n<p>&#13;<br \/>\n<br \/>&#13;<br \/>\n<b>Kasutusjuhend<\/b><br \/>&#13;<br \/>\nT\u00e4ida kassiliivakast tootega 3-5 cm ulatuses, arvestades kassi suurust. Eemalda igap\u00e4evaselt ainult klombid ja vajadusel lisa puuduv kogus juurde. P\u00e4rast p\u00f5hjalikku kasti puhastust v\u00f5ib uuesti kasutada liiva, mis on puhas ja ei ole klombistunud.<br \/>&#13;<br \/>\n<br \/>&#13;<br \/>\n<b>NB!<\/b> Toodet mitte kallata WC-potti.<\/p>\n","protected":false},"excerpt":{"rendered":"<p>V\u00e4hetolmavast bentoniitsavist valmistatud meretuulel\u00f5hnaline paakuv kassiliiv.<\/p>\n","protected":false},"featured_media":19903,"template":"","meta":[],"product_cat":[689,565],"product_tag":[],"class_list":{"0":"post-19902","1":"product","2":"type-product","3":"status-publish","4":"has-post-thumbnail","6":"product_cat-kassid","7":"product_cat-kassiliivad","8":"pa_brand-tessa","9":"pa_ean-3742","10":"pa_kaal-7-200","11":"pa_tootjariik-euroopa-liit","13":"first","14":"instock","15":"sale","16":"taxable","17":"shipping-taxable","18":"purchasable","19":"product-type-simple"},"_links":{"self":[{"href":"https:\/\/kasskoer.ee\/en\/wp-json\/wp\/v2\/product\/19902","targetHints":{"allow":["GET"]}}],"collection":[{"href":"https:\/\/kasskoer.ee\/en\/wp-json\/wp\/v2\/product"}],"about":[{"href":"https:\/\/kasskoer.ee\/en\/wp-json\/wp\/v2\/types\/product"}],"wp:featuredmedia":[{"embeddable":true,"href":"https:\/\/kasskoer.ee\/en\/wp-json\/wp\/v2\/media\/19903"}],"wp:attachment":[{"href":"https:\/\/kasskoer.ee\/en\/wp-json\/wp\/v2\/media?parent=19902"}],"wp:term":[{"taxonomy":"product_cat","embeddable":true,"href":"https:\/\/kasskoer.ee\/en\/wp-json\/wp\/v2\/product_cat?post=19902"},{"taxonomy":"product_tag","embeddable":true,"href":"https:\/\/kasskoer.ee\/en\/wp-json\/wp\/v2\/product_tag?post=19902"}],"curies":[{"name":"wp","href":"https:\/\/api.w.org\/{rel}","templated":true}]}}