{"id":19907,"date":"2026-05-01T03:00:03","date_gmt":"2026-05-01T00:00:03","guid":{"rendered":"https:\/\/kasskoer.ee\/product\/carnilove-pate-pheasant-with-raspberry-leaves-margtoit-koertele-300g\/"},"modified":"2026-05-01T03:00:03","modified_gmt":"2026-05-01T00:00:03","slug":"carnilove-pate-pheasant-with-raspberry-leaves-margtoit-koertele-300g","status":"publish","type":"product","link":"https:\/\/kasskoer.ee\/en\/toode\/carnilove-pate-pheasant-with-raspberry-leaves-margtoit-koertele-300g\/","title":{"rendered":"Carnilove Pate Pheasant with Raspberry Leaves m\u00e4rgtoit koertele 300g"},"content":{"rendered":"<p><b>Carnilove teravilja- ja kartulivaba faasani ja vaarikalehtedega t\u00e4iss\u00f6\u00f6t t\u00e4iskasvanud koertele.<\/b><br \/>&#13;<\/p>\n<li>Kergesti seeditav faasaniliha kaitseb t\u00e4nu suurele pol\u00fck\u00fcllastumata rasvhapete sisaldusele s\u00fcdant ja veresoonkonda.<\/li>\n<p>&#13;<\/p>\n<li>Suur seleenisisaldus kaitseb rakke oks\u00fcdatiivse stressi eest ning parandab nii naha, liigeste ja aju seisundit.<\/li>\n<p>&#13;<\/p>\n<li>Vaarikalehed sisaldavad rohkelt p\u00f5letikuvastase toimega antioks\u00fcdante. Toetab kuseteede, igemete, maksa ja liigeste tervist ning v\u00e4hendab liigesevalusid.<\/li>\n<p>&#13;<br \/>\n<br \/>&#13;<br \/>\n<b>Koostis<\/b><br \/>&#13;<br \/>\nKalkun (44%), faasan (26%), puljong, vaarikalehed (4%), hernejahu, linaseemne\u00f5li, hernekiud.<br \/>&#13;<br \/>\n<br \/>&#13;<br \/>\n<b>Anal\u00fc\u00fctiline koostis<\/b><br \/>&#13;<br \/>\nToorvalk 9,2%, toorrasv 9,45%, niiskus 75,5%, toortuhk 2,9%, toorkiud 4,9%, kaltsium 0,68%, fosfor 0,45%, naatrium 0,31%.<br \/>&#13;<br \/>\n<br \/>&#13;<br \/>\n<b>S\u00f6\u00f6dalisandid (1 kg kohta)<\/b><br \/>&#13;<br \/>\nToitainelised lisandid: A-vitamiin (3a672a) 750 R\u00dc, D3-vitamiin (3a671) 200 R\u00dc, E-vitamiin (3a700) 67 mg, B1-vitamiin (3a821) 1 mg, biotiin (3a880) 0,5 mg, tsink (3b606) 12 mg, mangaan (3b504) 3 mg, vask (3b406) 4 mg, raud (3b106) 10 mg, kaaliumjodiid (3b201) 0,7 mg, tauriin (3a370) 800 mg. Tehnoloogilised lisandid: kassiakummi (1f499), L-askorbiinhape (3a300).<br \/>&#13;<br \/>\n<br \/>&#13;<br \/>\n<b>Metaboliseeruv energia<\/b><br \/>&#13;<br \/>\n1190 kcal\/kg<br \/>&#13;<br \/>\n<br \/>&#13;<br \/>\n<b>S\u00f6\u00f6tmisjuhend<\/b><br \/>&#13;<br \/>\nS\u00f6\u00f6ta vastavalt pakendil oleva tabeli j\u00e4rgi. Joogivesi peab alati k\u00e4ttesaadav olema.<\/p>\n","protected":false},"excerpt":{"rendered":"<p>T\u00e4iss\u00f6\u00f6t t\u00e4iskasvanud koertele faasani ja vaarikalehtedega.<\/p>\n","protected":false},"featured_media":19908,"template":"","meta":[],"product_cat":[688,106],"product_tag":[],"class_list":{"0":"post-19907","1":"product","2":"type-product","3":"status-publish","4":"has-post-thumbnail","6":"product_cat-koerad","7":"product_cat-konservid-koertele","8":"pa_brand-carnilove","9":"pa_ean-3744","10":"pa_kaal-0-300","11":"pa_tootjariik-tsehhi","13":"first","14":"instock","15":"taxable","16":"shipping-taxable","17":"purchasable","18":"product-type-simple"},"_links":{"self":[{"href":"https:\/\/kasskoer.ee\/en\/wp-json\/wp\/v2\/product\/19907","targetHints":{"allow":["GET"]}}],"collection":[{"href":"https:\/\/kasskoer.ee\/en\/wp-json\/wp\/v2\/product"}],"about":[{"href":"https:\/\/kasskoer.ee\/en\/wp-json\/wp\/v2\/types\/product"}],"wp:featuredmedia":[{"embeddable":true,"href":"https:\/\/kasskoer.ee\/en\/wp-json\/wp\/v2\/media\/19908"}],"wp:attachment":[{"href":"https:\/\/kasskoer.ee\/en\/wp-json\/wp\/v2\/media?parent=19907"}],"wp:term":[{"taxonomy":"product_cat","embeddable":true,"href":"https:\/\/kasskoer.ee\/en\/wp-json\/wp\/v2\/product_cat?post=19907"},{"taxonomy":"product_tag","embeddable":true,"href":"https:\/\/kasskoer.ee\/en\/wp-json\/wp\/v2\/product_tag?post=19907"}],"curies":[{"name":"wp","href":"https:\/\/api.w.org\/{rel}","templated":true}]}}