{"id":19913,"date":"2026-05-01T03:00:03","date_gmt":"2026-05-01T00:00:03","guid":{"rendered":"https:\/\/kasskoer.ee\/product\/carnilove-turkey-reindeer-konserv-kassidele-100g\/"},"modified":"2026-05-01T03:00:03","modified_gmt":"2026-05-01T00:00:03","slug":"carnilove-turkey-reindeer-konserv-kassidele-100g","status":"publish","type":"product","link":"https:\/\/kasskoer.ee\/en\/toode\/carnilove-turkey-reindeer-konserv-kassidele-100g\/","title":{"rendered":"Carnilove Turkey &#038; Reindeer konserv kassidele 100g"},"content":{"rendered":"<p><b>Carnilove superpremium konserv t\u00e4iss\u00f6\u00f6t t\u00e4iskasvanud kassidele kalkuni ja p\u00f5hjap\u00f5draga.<\/b><br \/>&#13;<\/p>\n<li>P\u00f5hjap\u00f5dralihal on m\u00f5ningaid ainulaadseid omadusi &#8211; see on \u00fcks parimaid seeduvate valkude allikaid ning sisaldab soodsat aminohappelist koostist.<\/li>\n<p>&#13;<\/p>\n<li>Kuna p\u00f5hjap\u00f5drad toituvad metsmarjadest, sisaldab nende liha \u00e4\u00e4rmiselt palju antioks\u00fcdante.<\/li>\n<p>&#13;<\/p>\n<li>Rasva sisaldab see v\u00e4he, ent tegemist on k\u00fcllastumata ja v\u00e4ga tervisliku rasvaga. P\u00f5hjap\u00f5draliha oomega-3 k\u00fcllastumata rasvhapete sisaldus sarnaneb kala omale.<\/li>\n<p>&#13;<\/p>\n<li>Kalkun sisaldab rohkesti kergesti seeduvaid valke ja mikroelemente, nagu tsink, ning samuti B3- ja B6-vitamiine, mis on olulised aju talitluseks, lihastoonuseks ja tervislikuks kasvuks ning arenguks.<\/li>\n<p>&#13;<br \/>\n<br \/>&#13;<br \/>\n<b>Koostis<\/b><br \/>&#13;<br \/>\nKalkun (47%), p\u00f5hjap\u00f5der (15%), hernejahu (2%), j\u00f5hvikad (1%), lignotselluloos (1%), kaltsiumkarbonaat (0,3%).<br \/>&#13;<br \/>\n<br \/>&#13;<br \/>\n<b>Anal\u00fc\u00fctiline koostis<\/b><br \/>&#13;<br \/>\nToorvalk 10,7%, toorrasv 6,9%, toortuhk 2,5%, toorkiud 0,4%, niiskus 79,0%, kaltsium 0,25%, fosfor 0,2%, naatrium 0,2%.<br \/>&#13;<br \/>\n<br \/>&#13;<br \/>\n<b>S\u00f6\u00f6dalisandid (1 kg kohta)<\/b><br \/>&#13;<br \/>\nToitainelised lisandid: D3-vitamiin (3a671) 200 R\u00dc, E-vitamiin (3a700) 110 mg, tauriin (3a370) 800 mg, biotiin (3a880) 0,4 mg, vask (3b407) 1,9 mg, raud (3b107) 8 mg, kaaliumjodiid (3b201) 0,5 mg, mangaan (3b505) 2,4 mg, tsink (3b607) 20 mg.<br \/>&#13;<br \/>\n<br \/>&#13;<br \/>\n<b>Metaboliseeruv energia<\/b><br \/>&#13;<br \/>\n1 035 kcal\/kg<br \/>&#13;<br \/>\n<br \/>&#13;<br \/>\n<b>S\u00f6\u00f6tmisjuhend<\/b><br \/>&#13;<br \/>\nS\u00f6\u00f6ta vastavalt pakendil oleva tabeli j\u00e4rgi. Joogivesi peab alati k\u00e4ttesaadav olema.<\/p>\n","protected":false},"excerpt":{"rendered":"<p>Superpremium t\u00e4iss\u00f6\u00f6t t\u00e4iskasvanud kassidele kalkuni ja p\u00f5hjap\u00f5draga.<\/p>\n","protected":false},"featured_media":19914,"template":"","meta":[],"product_cat":[689,33],"product_tag":[],"class_list":{"0":"post-19913","1":"product","2":"type-product","3":"status-publish","4":"has-post-thumbnail","6":"product_cat-kassid","7":"product_cat-konservid-kassidele","8":"pa_brand-carnilove","9":"pa_ean-3747","10":"pa_kaal-0-100","11":"pa_tootjariik-tsehhi","13":"first","14":"instock","15":"taxable","16":"shipping-taxable","17":"purchasable","18":"product-type-simple"},"_links":{"self":[{"href":"https:\/\/kasskoer.ee\/en\/wp-json\/wp\/v2\/product\/19913","targetHints":{"allow":["GET"]}}],"collection":[{"href":"https:\/\/kasskoer.ee\/en\/wp-json\/wp\/v2\/product"}],"about":[{"href":"https:\/\/kasskoer.ee\/en\/wp-json\/wp\/v2\/types\/product"}],"wp:featuredmedia":[{"embeddable":true,"href":"https:\/\/kasskoer.ee\/en\/wp-json\/wp\/v2\/media\/19914"}],"wp:attachment":[{"href":"https:\/\/kasskoer.ee\/en\/wp-json\/wp\/v2\/media?parent=19913"}],"wp:term":[{"taxonomy":"product_cat","embeddable":true,"href":"https:\/\/kasskoer.ee\/en\/wp-json\/wp\/v2\/product_cat?post=19913"},{"taxonomy":"product_tag","embeddable":true,"href":"https:\/\/kasskoer.ee\/en\/wp-json\/wp\/v2\/product_tag?post=19913"}],"curies":[{"name":"wp","href":"https:\/\/api.w.org\/{rel}","templated":true}]}}