{"id":19915,"date":"2026-05-01T03:00:03","date_gmt":"2026-05-01T00:00:03","guid":{"rendered":"https:\/\/kasskoer.ee\/product\/carnilove-duck-with-raspberries-maiused-kassidele-50g\/"},"modified":"2026-05-01T03:00:03","modified_gmt":"2026-05-01T00:00:03","slug":"carnilove-duck-with-raspberries-maiused-kassidele-50g","status":"publish","type":"product","link":"https:\/\/kasskoer.ee\/en\/toode\/carnilove-duck-with-raspberries-maiused-kassidele-50g\/","title":{"rendered":"Carnilove Duck with Raspberries maiused kassidele 50g"},"content":{"rendered":"<p><b>Carnilove kr\u00f5mpsuv maius pardi ja vaarikatega &#8211; t\u00e4iends\u00f6\u00f6t t\u00e4iskasvanud kassidele.<\/b><br \/>&#13;<\/p>\n<li>Pardi ja vaarikatega kassi maiused \u00fchendavad maitsva loomse valgu ning loodusliku marjalisandi. Part muudab maiused kassile eriti isu\u00e4ratavaks ja toetab kassi lihatoidulist loomust, vaarikad aga rikastavad retsepti kiudainete ja taimsete \u00fchenditega.<\/li>\n<p>&#13;<\/p>\n<li>Maitsev, eristuv ja kvaliteetne valik igap\u00e4evaseks premeerimiseks.<\/li>\n<p>&#13;<br \/>\n<br \/>&#13;<br \/>\n<b>Koostis<\/b><br \/>&#13;<br \/>\nPardivalk (26%), hernes, kartulit\u00e4rklis, tapiokit\u00e4rklis, hernevalk, kanarasv, vadak, kuivatatud k\u00f5rvits, h\u00fcdrol\u00fc\u00fcsitud kanamaks, linaseemned, rapsi\u00f5li, kaaliumkloriid, kuivatatud vaarikad (0,5%).<br \/>&#13;<br \/>\n<br \/>&#13;<br \/>\n<b>Anal\u00fc\u00fctiline koostis<\/b><br \/>&#13;<br \/>\nToorvalk 32,0%, toorrasv 14,0%, toortuhk 7,5%, toorkiud 1,0%, niiskus 10,0%, kaltsium 1,7%, fosfor 1,1%, oomega-3 rasvhapped 0,6%, oomega-6 rasvhapped 2,5%.<br \/>&#13;<br \/>\nTehnoloogilised lisandid: taime\u00f5lidest saadud tokoferooliekstraktid (1b306(i)), askorb\u00fc\u00fclpalmitaat (1b304).<br \/>&#13;<br \/>\n<br \/>&#13;<br \/>\n<b>Metaboliseeruv energia<\/b><br \/>&#13;<br \/>\n3 784 kcal\/kg<br \/>&#13;<br \/>\n<br \/>&#13;<br \/>\n<b>S\u00f6\u00f6tmisjuhend<\/b><br \/>&#13;<br \/>\nAnda maiusena vastavalt pakendil oleva tabeli j\u00e4rgi. Joogivesi peab alati k\u00e4ttesaadav olema.<\/p>\n","protected":false},"excerpt":{"rendered":"<p>Kr\u00f5mpsuv t\u00e4iends\u00f6\u00f6t kassidele pardi ja vaarikatega.<\/p>\n","protected":false},"featured_media":19916,"template":"","meta":[],"product_cat":[1211],"product_tag":[],"class_list":{"0":"post-19915","1":"product","2":"type-product","3":"status-publish","4":"has-post-thumbnail","6":"product_cat-kasside-maiused","7":"pa_brand-carnilove","8":"pa_ean-3748","9":"pa_kaal-0-050","10":"pa_tootjariik-tsehhi","12":"first","13":"instock","14":"taxable","15":"shipping-taxable","16":"purchasable","17":"product-type-simple"},"_links":{"self":[{"href":"https:\/\/kasskoer.ee\/en\/wp-json\/wp\/v2\/product\/19915","targetHints":{"allow":["GET"]}}],"collection":[{"href":"https:\/\/kasskoer.ee\/en\/wp-json\/wp\/v2\/product"}],"about":[{"href":"https:\/\/kasskoer.ee\/en\/wp-json\/wp\/v2\/types\/product"}],"wp:featuredmedia":[{"embeddable":true,"href":"https:\/\/kasskoer.ee\/en\/wp-json\/wp\/v2\/media\/19916"}],"wp:attachment":[{"href":"https:\/\/kasskoer.ee\/en\/wp-json\/wp\/v2\/media?parent=19915"}],"wp:term":[{"taxonomy":"product_cat","embeddable":true,"href":"https:\/\/kasskoer.ee\/en\/wp-json\/wp\/v2\/product_cat?post=19915"},{"taxonomy":"product_tag","embeddable":true,"href":"https:\/\/kasskoer.ee\/en\/wp-json\/wp\/v2\/product_tag?post=19915"}],"curies":[{"name":"wp","href":"https:\/\/api.w.org\/{rel}","templated":true}]}}