{"id":19917,"date":"2026-05-01T03:00:03","date_gmt":"2026-05-01T00:00:03","guid":{"rendered":"https:\/\/kasskoer.ee\/product\/carnilove-salmon-with-blueberries-maiused-koerale-200g\/"},"modified":"2026-05-01T03:00:04","modified_gmt":"2026-05-01T00:00:04","slug":"carnilove-salmon-with-blueberries-maiused-koerale-200g","status":"publish","type":"product","link":"https:\/\/kasskoer.ee\/en\/toode\/carnilove-salmon-with-blueberries-maiused-koerale-200g\/","title":{"rendered":"Carnilove Salmon with Blueberries maiused koerale 200g"},"content":{"rendered":"<p><b>Carnilove kr\u00f5be teraviljavaba maius l\u00f5he ja mustikatega &#8211; t\u00e4iends\u00f6\u00f6t koertele.<\/b><br \/>&#13;<\/p>\n<li>L\u00f5he on suurep\u00e4rane h\u00e4sti seeditavate valkude ja oomega-3-k\u00fcllastumata rasvhapete allikas, mis m\u00f5juvad positiivselt vaimsele arengule, s\u00fcdame-veresoonkonnale, karvastikule ja nahale.<\/li>\n<p>&#13;<\/p>\n<li>Mustikad sisaldavad rohkelt antioks\u00fcdante, mis toetavad s\u00fcdant, immuunsust, aju ja n\u00e4gemist ning aitavad kaitsta p\u00f5letike ja vanusega seotud haiguste eest.<\/li>\n<p>&#13;<\/p>\n<li>K\u00f5rvits on madala kalorsusega kiudainete, A-vitamiini ja kaaliumi allikas, mis toetab tervislikku seedimist ja oluliste toitainete omastamist.<\/li>\n<p>&#13;<br \/>\n<br \/>&#13;<br \/>\n<b>Koostis<\/b><br \/>&#13;<br \/>\nL\u00f5he 50% (l\u00f5hevalk 35%, h\u00fcdrol\u00fc\u00fcsitud l\u00f5hevalk 15%), k\u00f5rvits (15%), kollased herned (8%), kuivatatud \u00f5una viljaliha (5%), porgand (5%), kikerherned (4%), kuivatatud mustikad (4%), kanarasv (4%), linaseemned (2%), kuivatatud spinat (2%), linaseemne\u00f5li (1%).<br \/>&#13;<br \/>\n<br \/>&#13;<br \/>\n<b>Anal\u00fc\u00fctiline koostis<\/b><br \/>&#13;<br \/>\nToorvalk 28,0%, toorrasv 12,5%, niiskus 10,0%, toortuhk 6,5%, toorkiud 2,0%, kaltsium 1,0%, fosfor 0,8%, oomega-3 rasvhapped 0,3%, oomega-6 rasvhapped 2,0%.<br \/>&#13;<br \/>\nTehnoloogilised lisandid: taime\u00f5lidest saadud tokoferooliekstraktid (1b306(i)), askorb\u00fc\u00fclpalmitaat (1b304).<br \/>&#13;<br \/>\n<br \/>&#13;<br \/>\n<b>Metaboliseeruv energia<\/b><br \/>&#13;<br \/>\n3 700 kcal\/kg<br \/>&#13;<br \/>\n<br \/>&#13;<br \/>\n<b>S\u00f6\u00f6tmisjuhend<\/b><br \/>&#13;<br \/>\nAnda maiusena vastavalt pakendil oleva tabeli j\u00e4rgi. Joogivesi peab alati k\u00e4ttesaadav olema.<\/p>\n","protected":false},"excerpt":{"rendered":"<p>Maitsev t\u00e4iends\u00f6\u00f6t koertele l\u00f5he ja mustikatega.<\/p>\n","protected":false},"featured_media":19918,"template":"","meta":[],"product_cat":[1210,688],"product_tag":[],"class_list":{"0":"post-19917","1":"product","2":"type-product","3":"status-publish","4":"has-post-thumbnail","6":"product_cat-koerte-maiused","7":"product_cat-koerad","8":"pa_brand-carnilove","9":"pa_ean-3749","10":"pa_kaal-0-200","11":"pa_tootjariik-tsehhi","13":"first","14":"instock","15":"taxable","16":"shipping-taxable","17":"purchasable","18":"product-type-simple"},"_links":{"self":[{"href":"https:\/\/kasskoer.ee\/en\/wp-json\/wp\/v2\/product\/19917","targetHints":{"allow":["GET"]}}],"collection":[{"href":"https:\/\/kasskoer.ee\/en\/wp-json\/wp\/v2\/product"}],"about":[{"href":"https:\/\/kasskoer.ee\/en\/wp-json\/wp\/v2\/types\/product"}],"wp:featuredmedia":[{"embeddable":true,"href":"https:\/\/kasskoer.ee\/en\/wp-json\/wp\/v2\/media\/19918"}],"wp:attachment":[{"href":"https:\/\/kasskoer.ee\/en\/wp-json\/wp\/v2\/media?parent=19917"}],"wp:term":[{"taxonomy":"product_cat","embeddable":true,"href":"https:\/\/kasskoer.ee\/en\/wp-json\/wp\/v2\/product_cat?post=19917"},{"taxonomy":"product_tag","embeddable":true,"href":"https:\/\/kasskoer.ee\/en\/wp-json\/wp\/v2\/product_tag?post=19917"}],"curies":[{"name":"wp","href":"https:\/\/api.w.org\/{rel}","templated":true}]}}