{"id":19919,"date":"2026-05-01T03:00:03","date_gmt":"2026-05-01T00:00:03","guid":{"rendered":"https:\/\/kasskoer.ee\/product\/carnilove-duck-gravy-with-catnip-margtoit-kassidele-85g\/"},"modified":"2026-05-01T03:00:04","modified_gmt":"2026-05-01T00:00:04","slug":"carnilove-duck-gravy-with-catnip-margtoit-kassidele-85g","status":"publish","type":"product","link":"https:\/\/kasskoer.ee\/en\/toode\/carnilove-duck-gravy-with-catnip-margtoit-kassidele-85g\/","title":{"rendered":"Carnilove Duck Gravy with Catnip m\u00e4rgtoit kassidele 85g"},"content":{"rendered":"<p><b>Carnilove teraviljavaba m\u00e4rgtoit pardi ja naisten\u00f5gesega kastmes &#8211; t\u00e4iss\u00f6\u00f6t kassidele.<\/b><br \/>&#13;<\/p>\n<li>Kergesti seeditav pardiliha ei koorma seedimist ning toetab optimaalset vormi. T\u00e4nu suurele pol\u00fck\u00fcllastumata rasvhapete sisaldusele kaitseb s\u00fcdant ja veresoonkonda.<\/li>\n<p>&#13;<\/p>\n<li>Naisten\u00f5ges on antibakteriaalse toimega, toetab seedetrakti tervist, v\u00e4hendab k\u00f5hulahtisust ning m\u00f5jub \u00fchtlasi rahustavalt n\u00e4rvis\u00fcsteemile ja kaitseb stressi eest. M\u00f5jub ektoparasiitide vastu, on kasside jaoks v\u00e4ga atraktiivne ja parandab toidu maitset.<\/li>\n<p>&#13;<br \/>\n<br \/>&#13;<br \/>\n<b>Koostis<\/b><br \/>&#13;<br \/>\nLiha ja loomsed saadused fileedes (kalkun 66%, part 14%, kalkunimaks 10%), vesi (4,5%), kaltsiumkarbonaat (1,5%), kuivatatud naisten\u00f5ges (1%), linaseemne\u00f5li (1%), lignotselluloos (1%), hernejahu (1%).<br \/>&#13;<br \/>\n<br \/>&#13;<br \/>\n<b>Anal\u00fc\u00fctiline koostis<\/b><br \/>&#13;<br \/>\nToorvalk 9,5%, toorrasv 5,8%, niiskus 80,0%, toortuhk 2,5%, toorkiud 0,7%, kaltsium 0,2%, fosfor 0,2%, naatrium 0,3%, oomega-3 rasvhapped 0,2%, oomega-6 rasvhapped 1,5%.<br \/>&#13;<br \/>\n<br \/>&#13;<br \/>\n<b>S\u00f6\u00f6dalisandid (1 kg kohta)<\/b><br \/>&#13;<br \/>\nToitainelised lisandid: D3-vitamiin (3a671) 440 R\u00dc, E-vitamiin (3a700) 230 mg, biotiin (3a880) 0,7 mg, tsink (3b606) 35 mg, mangaan (3b504) 4,2 mg, vask (3b406) 3,4 mg, raud (3b106) 14 mg, kaaliumjodiid (3b201) 0,85 mg, tauriin (3a370) 1 400 mg.<br \/>&#13;<br \/>\n<br \/>&#13;<br \/>\n<b>Metaboliseeruv energia<\/b><br \/>&#13;<br \/>\n925 kcal\/kg<br \/>&#13;<br \/>\n<br \/>&#13;<br \/>\n<b>S\u00f6\u00f6tmisjuhend<\/b><br \/>&#13;<br \/>\nS\u00f6\u00f6ta vastavalt pakendil oleva tabeli j\u00e4rgi. Joogivesi peab alati k\u00e4ttesaadav olema.<\/p>\n","protected":false},"excerpt":{"rendered":"<p>Teraviljavaba t\u00e4iss\u00f6\u00f6t t\u00e4iskasvanud kassidele pardi ja naisten\u00f5gesega.<\/p>\n","protected":false},"featured_media":19920,"template":"","meta":[],"product_cat":[689,33],"product_tag":[],"class_list":{"0":"post-19919","1":"product","2":"type-product","3":"status-publish","4":"has-post-thumbnail","6":"product_cat-kassid","7":"product_cat-konservid-kassidele","8":"pa_brand-carnilove","9":"pa_ean-3750","10":"pa_kaal-0-085","11":"pa_tootjariik-tsehhi","13":"first","14":"instock","15":"taxable","16":"shipping-taxable","17":"purchasable","18":"product-type-simple"},"_links":{"self":[{"href":"https:\/\/kasskoer.ee\/en\/wp-json\/wp\/v2\/product\/19919","targetHints":{"allow":["GET"]}}],"collection":[{"href":"https:\/\/kasskoer.ee\/en\/wp-json\/wp\/v2\/product"}],"about":[{"href":"https:\/\/kasskoer.ee\/en\/wp-json\/wp\/v2\/types\/product"}],"wp:featuredmedia":[{"embeddable":true,"href":"https:\/\/kasskoer.ee\/en\/wp-json\/wp\/v2\/media\/19920"}],"wp:attachment":[{"href":"https:\/\/kasskoer.ee\/en\/wp-json\/wp\/v2\/media?parent=19919"}],"wp:term":[{"taxonomy":"product_cat","embeddable":true,"href":"https:\/\/kasskoer.ee\/en\/wp-json\/wp\/v2\/product_cat?post=19919"},{"taxonomy":"product_tag","embeddable":true,"href":"https:\/\/kasskoer.ee\/en\/wp-json\/wp\/v2\/product_tag?post=19919"}],"curies":[{"name":"wp","href":"https:\/\/api.w.org\/{rel}","templated":true}]}}